{"id":41,"date":"2023-11-20T22:15:20","date_gmt":"2023-11-20T22:15:20","guid":{"rendered":"https:\/\/giveanote.de\/?page_id=41"},"modified":"2023-12-19T17:03:10","modified_gmt":"2023-12-19T17:03:10","slug":"impressum","status":"publish","type":"page","link":"https:\/\/giveanote.de\/?page_id=41","title":{"rendered":"Impressum"},"content":{"rendered":"\t\t<div data-elementor-type=\"wp-page\" data-elementor-id=\"41\" class=\"elementor elementor-41\" data-elementor-post-type=\"page\">\n\t\t\t\t<div class=\"elementor-element elementor-element-195d58e e-flex e-con-boxed e-con e-parent\" data-id=\"195d58e\" data-element_type=\"container\">\n\t\t\t\t\t<div class=\"e-con-inner\">\n\t\t<div class=\"elementor-element elementor-element-5c6f5bc e-con-full e-flex e-con e-child\" data-id=\"5c6f5bc\" data-element_type=\"container\">\n\t\t\t\t<div class=\"elementor-element elementor-element-b94d7bf elementor-widget elementor-widget-spacer\" data-id=\"b94d7bf\" data-element_type=\"widget\" data-widget_type=\"spacer.default\">\n\t\t\t\t<div class=\"elementor-widget-container\">\n\t\t\t\t\t\t\t<div class=\"elementor-spacer\">\n\t\t\t<div class=\"elementor-spacer-inner\"><\/div>\n\t\t<\/div>\n\t\t\t\t\t\t<\/div>\n\t\t\t\t<\/div>\n\t\t\t\t<div class=\"elementor-element elementor-element-e78b520 elementor-headline--style-highlight elementor-widget elementor-widget-animated-headline\" data-id=\"e78b520\" data-element_type=\"widget\" data-settings=\"{&quot;marker&quot;:&quot;underline&quot;,&quot;highlighted_text&quot;:&quot;Impressum&quot;,&quot;headline_style&quot;:&quot;highlight&quot;,&quot;loop&quot;:&quot;yes&quot;,&quot;highlight_animation_duration&quot;:1200,&quot;highlight_iteration_delay&quot;:8000}\" data-widget_type=\"animated-headline.default\">\n\t\t\t\t<div class=\"elementor-widget-container\">\n\t\t\t\t\t\t\t<h1 class=\"elementor-headline\">\n\t\t\t\t<span class=\"elementor-headline-dynamic-wrapper elementor-headline-text-wrapper\">\n\t\t\t\t\t<span class=\"elementor-headline-dynamic-text elementor-headline-text-active\">Impressum<\/span>\n\t\t\t\t<\/span>\n\t\t\t\t<\/h1>\n\t\t\t\t\t\t<\/div>\n\t\t\t\t<\/div>\n\t\t\t\t<\/div>\n\t\t<div class=\"elementor-element elementor-element-aa4a9fe e-con-full e-flex e-con e-child\" data-id=\"aa4a9fe\" data-element_type=\"container\">\n\t\t\t\t<div class=\"elementor-element elementor-element-0085289 elementor-widget elementor-widget-image\" data-id=\"0085289\" data-element_type=\"widget\" data-widget_type=\"image.default\">\n\t\t\t\t<div class=\"elementor-widget-container\">\n\t\t\t\t\t\t\t\t\t\t\t\t\t\t\t<img decoding=\"async\" src=\"https:\/\/giveanote.de\/wp-content\/uploads\/elementor\/thumbs\/banner-qfor8gy67h6vp641zke55mok7fx6f2ig7shwcf53i8.png\" title=\"banner\" alt=\"banner\" loading=\"lazy\" \/>\t\t\t\t\t\t\t\t\t\t\t\t\t\t\t<\/div>\n\t\t\t\t<\/div>\n\t\t\t\t<\/div>\n\t\t\t\t\t<\/div>\n\t\t\t\t<\/div>\n\t\t<div class=\"elementor-element elementor-element-b0c7723 e-flex e-con-boxed e-con e-parent\" data-id=\"b0c7723\" data-element_type=\"container\">\n\t\t\t\t\t<div class=\"e-con-inner\">\n\t\t\t\t<div class=\"elementor-element elementor-element-d652604 elementor-widget elementor-widget-text-editor\" data-id=\"d652604\" data-element_type=\"widget\" data-widget_type=\"text-editor.default\">\n\t\t\t\t<div class=\"elementor-widget-container\">\n\t\t\t\t\t\t\t\t\t<p>SP Circle GmbH<br \/>Anschrift:<br \/>Heesenstra\u00dfe 70<br \/>40549 D\u00fcsseldorf<\/p><p>Kontakt:<br \/>Tel: +49 (0) 2 11 \u2013 86 32 24 \u2013 66<br \/>Fax: +49 (0) 211 \u2013 86 32 24 \u2013 95<br \/>E-Mail:\u00a0<a href=\"mailto:%20info@spcircle.de\" target=\"_blank\" rel=\"noopener\">info@spcircle.de<\/a><\/p><p>Gesch\u00e4ftsf\u00fchrung: Martina Otto<\/p><p>Gesch\u00e4ftsf\u00fchrung: Maximilian Schulz<\/p><p>Handelsregister: Amtsgericht D\u00fcsseldorf, HRB 51390<\/p><p>Steuer-Nr. und Umsatzsteuer-Identifikations-Nr.: 147\/5815\/0956<\/p><p>Wird in diesem Internetangebot auf die Erbringung von Inkasso-Dienstleistungen Bezug genommen oder verwiesen, gilt das Nachfolgende f\u00fcr diese Leistungen:<\/p><p>Inkasso-Dienstleistungen werden ausschlie\u00dflich durch die gem\u00e4\u00df \u00a7 10, Abs. 1 Nr. 1 RDG f\u00fcr die Einziehung von Forderungen registrierte SP Circle\u00a0GmbH erbracht. Die SP Circle\u00a0GmbH ist vom Pr\u00e4sidenten des Landgerichtes D\u00fcsseldorf zur Erbringung von Inkasso-Leistungen zugelassen.<\/p><p>Zulassungs-\/Aufsichtsbeh\u00f6rde i.S.d. \u00a75 Abs. 1 Nr. 3 TMG ist die Pr\u00e4sidentin des Oberlandesgerichts D\u00fcsseldorf, Cecilienallee 3, 40474 D\u00fcsseldorf (zugleich Registrierungsbeh\u00f6rde gem\u00e4\u00df Rechtsdienstleistungsgesetz).<\/p><p>HAFTUNGSAUSSCHLUSS \/ DISCLAIMER:<br \/>1. Inhalt des Onlineangebotes<\/p><p>Die SP Circle\u00a0GmbH \u00fcbernimmt keinerlei Gew\u00e4hr f\u00fcr die Aktualit\u00e4t, Korrektheit, Vollst\u00e4ndigkeit oder Qualit\u00e4t der bereitgestellten Informationen. Haftungsanspr\u00fcche gegen die SP Circle\u00a0GmbH, welche sich auf Sch\u00e4den materieller oder ideeller Art beziehen, die durch die Nutzung oder Nichtnutzung der dargebotenen Informationen bzw. durch die Nutzung fehlerhafter und unvollst\u00e4ndiger Informationen verursacht wurden, sind grunds\u00e4tzlich ausgeschlossen, sofern seitens der SP Circle\u00a0GmbH kein nachweislich vors\u00e4tzliches oder grob fahrl\u00e4ssiges Verschulden vorliegt. Die SP Circle\u00a0GmbH beh\u00e4lt es sich ausdr\u00fccklich vor, Teile der Seiten oder das gesamte Angebot ohne gesonderte Ank\u00fcndigung zu ver\u00e4ndern, zu erg\u00e4nzen, zu l\u00f6schen oder die Ver\u00f6ffentlichung zeitweise oder endg\u00fcltig einzustellen. Sofern innerhalb des Internetangebotes die M\u00f6glichkeit zur Eingabe pers\u00f6nlicher oder gesch\u00e4ftlicher Daten (E-Mail-Adressen, Namen, Anschriften) besteht, so erfolgt die Preisgabe dieser Daten seitens des Nutzers auf ausdr\u00fccklich freiwilliger Basis.<\/p><p>2. Verweise und Links<\/p><p>Bei direkten oder indirekten Verweisen auf fremde Internetseiten (\u201eLinks\u201c), die au\u00dferhalb des Verantwortungsbereiches der SP Circle\u00a0GmbH liegen, tritt eine Haftungsverpflichtung ausschlie\u00dflich in dem Fall in Kraft, in dem die SP Circle\u00a0GmbH von den Inhalten Kenntnis hat und es ihr technisch m\u00f6glich und zumutbar ist, die Nutzung im Falle rechtswidriger Inhalte zu verhindern. Die SP Circle\u00a0GmbH erkl\u00e4rt daher ausdr\u00fccklich, dass zum Zeitpunkt der Linksetzung die entsprechenden verlinkten Seiten frei von illegalen Inhalten waren. Die SP Circle\u00a0GmbH hat keinerlei Einfluss auf die aktuelle und zuk\u00fcnftige Gestaltung und auf die Inhalte der gelinkten Seiten. Deshalb distanziert sie sich hiermit ausdr\u00fccklich von allen Inhalten aller gelinkten Seiten, die nach der Linksetzung ver\u00e4ndert wurden. Diese Feststellung gilt f\u00fcr alle innerhalb des eigenen Internetangebotes gesetzten Links und Verweise sowie f\u00fcr Fremdeintr\u00e4ge in von der SP Circle\u00a0GmbH eingerichteten G\u00e4steb\u00fcchern, Diskussionsforen und Mailinglisten. F\u00fcr illegale, fehlerhafte oder unvollst\u00e4ndige Inhalte und insbesondere f\u00fcr Sch\u00e4den, die aus der Nutzung oder Nichtnutzung solcherart dargebotener Informationen entstehen, haftet allein der Anbieter der Seite, auf welche verwiesen wurde, nicht derjenige, der \u00fcber Links auf die jeweilige Ver\u00f6ffentlichung lediglich verweist.<\/p><p>3. Urheber- und Kennzeichenrecht<\/p><p>Alle innerhalb des Internetangebotes genannten und ggf. durch Dritte gesch\u00fctzten Marken- und Warenzeichen unterliegen uneingeschr\u00e4nkt den Bestimmungen des jeweils g\u00fcltigen Kennzeichenrechts und den Besitzrechten der jeweiligen eingetragenen Eigent\u00fcmer. Das Copyright f\u00fcr ver\u00f6ffentlichte, von der SP Circle\u00a0GmbH selbst erstellte Objekte bleibt allein bei der SP Circle\u00a0GmbH als Autorin der Seiten. Eine Vervielf\u00e4ltigung oder Verwendung solcher Grafiken, Tondokumente, Videosequenzen und Texte in anderen elektronischen oder gedruckten Publikationen ist ohne ausdr\u00fcckliche schriftliche Zustimmung der SP Circle\u00a0GmbH nicht gestattet.<\/p><p>4. Rechtswirksamkeit dieses Haftungsausschlusses<\/p><p>Dieser Haftungsausschluss ist als Teil des Internetangebotes zu betrachten, von dem aus auf diese Seite verwiesen wurde. Sofern Teile oder einzelne Formulierungen dieses Textes der geltenden Rechtslage nicht, nicht mehr oder nicht vollst\u00e4ndig entsprechen sollten, bleiben die \u00fcbrigen Teile des Dokumentes in ihrem Inhalt und ihrer G\u00fcltigkeit davon unber\u00fchrt.<\/p><p>5. Ver\u00f6ffentlichte Kontaktdaten<\/p><p>Die Nutzung der im Rahmen des Impressums oder vergleichbarer Angaben ver\u00f6ffentlichten Kontaktdaten wie Postanschriften, Telefon- und Faxnummern sowie E-Mail-Adressen durch Dritte zur \u00dcbersendung von nicht ausdr\u00fccklich angeforderten Informationen ist nicht gestattet. Rechtliche Schritte gegen die Versender von sogenannten Spam-Mails bei Verst\u00f6\u00dfen gegen dieses Verbot sind ausdr\u00fccklich vorbehalten.\u00a0<\/p>\t\t\t\t\t\t\t\t<\/div>\n\t\t\t\t<\/div>\n\t\t\t\t\t<\/div>\n\t\t\t\t<\/div>\n\t\t\t\t<\/div>\n\t\t","protected":false},"excerpt":{"rendered":"<p>Impressum SP Circle GmbHAnschrift:Heesenstra\u00dfe 7040549 D\u00fcsseldorf Kontakt:Tel: +49 (0) 2 11 \u2013 86 32 24 \u2013 66Fax: +49 (0) 211 \u2013 86 32 24 \u2013 95E-Mail:\u00a0info@spcircle.de Gesch\u00e4ftsf\u00fchrung: Martina Otto Gesch\u00e4ftsf\u00fchrung: Maximilian Schulz Handelsregister: Amtsgericht D\u00fcsseldorf, HRB 51390 Steuer-Nr. und Umsatzsteuer-Identifikations-Nr.: 147\/5815\/0956 Wird in diesem Internetangebot auf die Erbringung von Inkasso-Dienstleistungen Bezug genommen oder verwiesen, gilt&#8230;<\/p>\n","protected":false},"author":1,"featured_media":0,"parent":0,"menu_order":0,"comment_status":"closed","ping_status":"closed","template":"","meta":{"_kad_post_transparent":"","_kad_post_title":"","_kad_post_layout":"","_kad_post_sidebar_id":"","_kad_post_content_style":"","_kad_post_vertical_padding":"","_kad_post_feature":"","_kad_post_feature_position":"","_kad_post_header":false,"_kad_post_footer":false,"footnotes":""},"class_list":["post-41","page","type-page","status-publish","hentry"],"_links":{"self":[{"href":"https:\/\/giveanote.de\/index.php?rest_route=\/wp\/v2\/pages\/41","targetHints":{"allow":["GET"]}}],"collection":[{"href":"https:\/\/giveanote.de\/index.php?rest_route=\/wp\/v2\/pages"}],"about":[{"href":"https:\/\/giveanote.de\/index.php?rest_route=\/wp\/v2\/types\/page"}],"author":[{"embeddable":true,"href":"https:\/\/giveanote.de\/index.php?rest_route=\/wp\/v2\/users\/1"}],"replies":[{"embeddable":true,"href":"https:\/\/giveanote.de\/index.php?rest_route=%2Fwp%2Fv2%2Fcomments&post=41"}],"version-history":[{"count":10,"href":"https:\/\/giveanote.de\/index.php?rest_route=\/wp\/v2\/pages\/41\/revisions"}],"predecessor-version":[{"id":356,"href":"https:\/\/giveanote.de\/index.php?rest_route=\/wp\/v2\/pages\/41\/revisions\/356"}],"wp:attachment":[{"href":"https:\/\/giveanote.de\/index.php?rest_route=%2Fwp%2Fv2%2Fmedia&parent=41"}],"curies":[{"name":"wp","href":"https:\/\/api.w.org\/{rel}","templated":true}]}}